{"id":47,"date":"2025-05-26T16:15:08","date_gmt":"2025-05-26T14:15:08","guid":{"rendered":"https:\/\/lordpicpus.fr\/?page_id=47"},"modified":"2025-08-05T10:30:09","modified_gmt":"2025-08-05T08:30:09","slug":"ou-retrouver-lord-picpus","status":"publish","type":"page","link":"https:\/\/lordpicpus.fr\/?page_id=47","title":{"rendered":"O\u00f9 retrouver Lord Picpus ?"},"content":{"rendered":"\n<p>Lord Picpus a d\u00e9pos\u00e9 ses bagages dans la Librairie <em>Le livre \u00e0 venir<\/em> situ\u00e9e au 21 rue de la Tonnelle \u00e0 Saumur ! N&rsquo;h\u00e9sitez pas \u00e0 d\u00e9couvrir cette magnifique librairie en plein c\u0153ur de la ville.<\/p>\n\n\n\n<figure class=\"wp-block-image size-large\"><img loading=\"lazy\" decoding=\"async\" width=\"1024\" height=\"768\" src=\"https:\/\/lordpicpus.fr\/wp-content\/uploads\/2025\/08\/1754380831801-1-1024x768.jpg\" alt=\"\" class=\"wp-image-203\" srcset=\"https:\/\/lordpicpus.fr\/wp-content\/uploads\/2025\/08\/1754380831801-1-1024x768.jpg 1024w, https:\/\/lordpicpus.fr\/wp-content\/uploads\/2025\/08\/1754380831801-1-300x225.jpg 300w, https:\/\/lordpicpus.fr\/wp-content\/uploads\/2025\/08\/1754380831801-1-768x576.jpg 768w, https:\/\/lordpicpus.fr\/wp-content\/uploads\/2025\/08\/1754380831801-1-1536x1152.jpg 1536w, https:\/\/lordpicpus.fr\/wp-content\/uploads\/2025\/08\/1754380831801-1.jpg 2048w\" sizes=\"auto, (max-width: 1024px) 100vw, 1024px\" \/><\/figure>\n\n\n\n<p>Retrouvez-le aussi au 14 rue Marc Leclerc \u00e0 La M\u00e9nitr\u00e9 (entre Angers et Saumur) dans la boutique <em>Des objets, des histoires<\/em>, dans un espac\u00e9 d\u00e9di\u00e9 parmi de nombreux cr\u00e9ateurs ! Vous pourrez m\u00eame y d\u00e9nicher les cartes dans de superbes cadres.<\/p>\n\n\n\n<figure class=\"wp-block-image size-large\"><img loading=\"lazy\" decoding=\"async\" width=\"768\" height=\"1024\" src=\"https:\/\/lordpicpus.fr\/wp-content\/uploads\/2025\/08\/1754380831790-768x1024.jpg\" alt=\"\" class=\"wp-image-202\" srcset=\"https:\/\/lordpicpus.fr\/wp-content\/uploads\/2025\/08\/1754380831790-768x1024.jpg 768w, https:\/\/lordpicpus.fr\/wp-content\/uploads\/2025\/08\/1754380831790-225x300.jpg 225w, https:\/\/lordpicpus.fr\/wp-content\/uploads\/2025\/08\/1754380831790-1152x1536.jpg 1152w, https:\/\/lordpicpus.fr\/wp-content\/uploads\/2025\/08\/1754380831790.jpg 1530w\" sizes=\"auto, (max-width: 768px) 100vw, 768px\" \/><\/figure>\n\n\n\n<p>Enfin, c&rsquo;est \u00e0 Belle-Ile-En-Mer que Lord Picpus est \u00e9galement disponible ! Au 5 rue de la Citadelle \u00e0 Palais dans la librairie presse<em> Les Orageuses<\/em>, vous pourrez parcourir les cartes de la gamme du Lord et les faire voyager au gr\u00e9 de vos aventures.<\/p>\n\n\n\n<p><\/p>\n","protected":false},"excerpt":{"rendered":"<p>Lord Picpus a d\u00e9pos\u00e9 ses bagages dans la Librairie Le livre \u00e0 venir situ\u00e9e au 21 rue de la Tonnelle \u00e0 Saumur ! N&rsquo;h\u00e9sitez pas \u00e0 d\u00e9couvrir cette magnifique librairie en plein c\u0153ur de la ville. Retrouvez-le aussi au 14 rue Marc Leclerc \u00e0 La M\u00e9nitr\u00e9 (entre Angers et Saumur) dans la boutique Des objets, [&hellip;]<\/p>\n","protected":false},"author":1,"featured_media":0,"parent":0,"menu_order":4,"comment_status":"closed","ping_status":"closed","template":"","meta":{"footnotes":""},"class_list":["post-47","page","type-page","status-publish","hentry"],"_links":{"self":[{"href":"https:\/\/lordpicpus.fr\/index.php?rest_route=\/wp\/v2\/pages\/47","targetHints":{"allow":["GET"]}}],"collection":[{"href":"https:\/\/lordpicpus.fr\/index.php?rest_route=\/wp\/v2\/pages"}],"about":[{"href":"https:\/\/lordpicpus.fr\/index.php?rest_route=\/wp\/v2\/types\/page"}],"author":[{"embeddable":true,"href":"https:\/\/lordpicpus.fr\/index.php?rest_route=\/wp\/v2\/users\/1"}],"replies":[{"embeddable":true,"href":"https:\/\/lordpicpus.fr\/index.php?rest_route=%2Fwp%2Fv2%2Fcomments&post=47"}],"version-history":[{"count":7,"href":"https:\/\/lordpicpus.fr\/index.php?rest_route=\/wp\/v2\/pages\/47\/revisions"}],"predecessor-version":[{"id":208,"href":"https:\/\/lordpicpus.fr\/index.php?rest_route=\/wp\/v2\/pages\/47\/revisions\/208"}],"wp:attachment":[{"href":"https:\/\/lordpicpus.fr\/index.php?rest_route=%2Fwp%2Fv2%2Fmedia&parent=47"}],"curies":[{"name":"wp","href":"https:\/\/api.w.org\/{rel}","templated":true}]}}