{"id":17,"date":"2025-05-26T08:53:20","date_gmt":"2025-05-26T06:53:20","guid":{"rendered":"http:\/\/lordpicpus.fr\/?page_id=17"},"modified":"2025-06-03T22:08:58","modified_gmt":"2025-06-03T20:08:58","slug":"a-propos","status":"publish","type":"page","link":"https:\/\/lordpicpus.fr\/?page_id=17","title":{"rendered":"A propos de Lord Picpus"},"content":{"rendered":"\n<p class=\"has-text-align-left has-source-serif-pro-font-family\">L&rsquo;aventure de Lord Picpus a d\u00e9but\u00e9 en Mai 2025 lorsque, passionn\u00e9e de dessin, j&rsquo;ai d\u00e9cid\u00e9 de d\u00e9cliner sous format de cartes postales et de marques pages les illustrations que je r\u00e9servais jusqu&rsquo;alors \u00e0 mon cercle priv\u00e9.<br>J&rsquo;ai donc rassembl\u00e9 mes pr\u00e9c\u00e9dentes aquarelles et en ai cr\u00e9\u00e9es de nouvelles pour les amoureux du papier. On peut me trouver dans les librairies et commerces d&rsquo;Anjou et d&rsquo;ailleurs.<\/p>\n\n\n\n<p class=\"has-text-align-left has-source-serif-pro-font-family\">Sur ce site, vous pourrez d\u00e9couvrir les diff\u00e9rentes collections de <a href=\"https:\/\/lordpicpus.fr\/?page_id=46\" data-type=\"page\" data-id=\"46\">cartes postales<\/a> et <a href=\"https:\/\/lordpicpus.fr\/?page_id=49\" data-type=\"page\" data-id=\"49\">marque-pages<\/a>, retrouver<a href=\"https:\/\/lordpicpus.fr\/?page_id=47\" data-type=\"page\" data-id=\"47\"> la liste des endroits o\u00f9 les acheter<\/a>, ou bien <a href=\"https:\/\/lordpicpus.fr\/?page_id=48\" data-type=\"page\" data-id=\"48\">contacter Lord Picpus<\/a> pour en commander directement !<\/p>\n\n\n\n<p><\/p>\n\n\n\n<p><\/p>\n\n\n\n<p><\/p>\n","protected":false},"excerpt":{"rendered":"<p>L&rsquo;aventure de Lord Picpus a d\u00e9but\u00e9 en Mai 2025 lorsque, passionn\u00e9e de dessin, j&rsquo;ai d\u00e9cid\u00e9 de d\u00e9cliner sous format de cartes postales et de marques pages les illustrations que je r\u00e9servais jusqu&rsquo;alors \u00e0 mon cercle priv\u00e9.J&rsquo;ai donc rassembl\u00e9 mes pr\u00e9c\u00e9dentes aquarelles et en ai cr\u00e9\u00e9es de nouvelles pour les amoureux du papier. On peut me [&hellip;]<\/p>\n","protected":false},"author":1,"featured_media":0,"parent":0,"menu_order":1,"comment_status":"closed","ping_status":"closed","template":"","meta":{"footnotes":""},"class_list":["post-17","page","type-page","status-publish","hentry"],"_links":{"self":[{"href":"https:\/\/lordpicpus.fr\/index.php?rest_route=\/wp\/v2\/pages\/17","targetHints":{"allow":["GET"]}}],"collection":[{"href":"https:\/\/lordpicpus.fr\/index.php?rest_route=\/wp\/v2\/pages"}],"about":[{"href":"https:\/\/lordpicpus.fr\/index.php?rest_route=\/wp\/v2\/types\/page"}],"author":[{"embeddable":true,"href":"https:\/\/lordpicpus.fr\/index.php?rest_route=\/wp\/v2\/users\/1"}],"replies":[{"embeddable":true,"href":"https:\/\/lordpicpus.fr\/index.php?rest_route=%2Fwp%2Fv2%2Fcomments&post=17"}],"version-history":[{"count":12,"href":"https:\/\/lordpicpus.fr\/index.php?rest_route=\/wp\/v2\/pages\/17\/revisions"}],"predecessor-version":[{"id":168,"href":"https:\/\/lordpicpus.fr\/index.php?rest_route=\/wp\/v2\/pages\/17\/revisions\/168"}],"wp:attachment":[{"href":"https:\/\/lordpicpus.fr\/index.php?rest_route=%2Fwp%2Fv2%2Fmedia&parent=17"}],"curies":[{"name":"wp","href":"https:\/\/api.w.org\/{rel}","templated":true}]}}